{"id":45,"date":"2015-01-08T20:59:17","date_gmt":"2015-01-08T20:59:17","guid":{"rendered":"http:\/\/91.194.228.101\/martawiecka\/?page_id=45"},"modified":"2015-01-28T13:37:07","modified_gmt":"2015-01-28T13:37:07","slug":"biographie","status":"publish","type":"page","link":"https:\/\/martawiecka.pl\/?page_id=45","title":{"rendered":"Biographie"},"content":{"rendered":"<div align=\"center\"><span style=\"font-size: small;\"><b>Servante de Dieu S\u0153ur Marta Wiecka<br \/>\nde la Compagnie des Filles de la Charit\u00e9 de Saint Vincent de Paul <\/b><br \/>\n<\/span><\/div>\n<div align=\"center\"><b>Vie de Marta Wiecka dans sa maison natale<\/b><\/div>\n<p>La vie de Marta Wiecka a \u00e9t\u00e9 courte. Elle n\u2019a v\u00e9cu que 30 ans, mais cette p\u00e9riode a \u00e9t\u00e9 suffisante pour que son \u00e2me s\u2019\u00e9l\u00e8ve jusqu\u2019au sommet de la saintet\u00e9.<\/p>\n<p class=\"western\" lang=\"fr-FR\" align=\"JUSTIFY\">Fille de la Charit\u00e9, elle \u00e9tait enti\u00e8rement donn\u00e9e \u00e0 Dieu, servait les malades et les personnes souffrantes avec un Esprit bien Vincentien, d\u2019humilit\u00e9, de simplicit\u00e9 et de charit\u00e9.<\/p>\n<p>Elle est n\u00e9e le 12 janvier 1874 de Marceli Wiecki et de Paulina Kamrowska \u00e0 Nowy Wiec dans le district de Ko\u015bcierzyna dans la r\u00e9gion de Pom\u00e9ranie. Son p\u00e8re poss\u00e9dait des terres et portait le blason de \u00ab\u00a0Leliwa\u00a0\u00bb. Elle \u00e9tait la troisi\u00e8me de 13 enfants. Elle fut baptis\u00e9e le 18 janvier 1874 dans l\u2019\u00e9glise filiale de Szczodrowo et re\u00e7ut le pr\u00e9nom de Marta Anna.<\/p>\n<p>Marta vivait dans une famille profond\u00e9ment religieuse et patriotique malgr\u00e9 l\u2019action de germanisation du peuple qui \u00e9tait d\u00e9j\u00e0 sous domination prussienne.<\/p>\n<p class=\"western\" lang=\"fr-FR\" align=\"JUSTIFY\">La famille des Wieckich, comme beaucoup d\u2019autres, a su garder une foi profonde et une conscience patriotique malgr\u00e9 la mont\u00e9e du nationalisme prussien \u2013 \u00ab\u00a0Kulturkampf\u00a0\u00bb (signifie lutte pour la culture).<\/p>\n<p class=\"western\" lang=\"fr-FR\" align=\"JUSTIFY\">Dans la maison de Marta, la pri\u00e8re quotidienne se faisait en famille de m\u00eame que la lecture divine et l\u2019\u00e9change \u00e0 partir des hom\u00e9lies du dimanche.<\/p>\n<p class=\"western\" lang=\"fr-FR\" align=\"JUSTIFY\">A l\u2019\u00e2ge de deux ans, la petite Marta tomba malade, si gravement, que la fut en danger. Apr\u00e8s une longue et intensive pri\u00e8re d\u2019intercession aupr\u00e8s de Notre Dame de Piaseczno, sa sant\u00e9 s\u2019am\u00e9liora, puis elle retrouva toute sa vitalit\u00e9.<\/p>\n<p class=\"western\" lang=\"fr-FR\" align=\"JUSTIFY\">Dans la famille des Wieckich cet \u00e9v\u00e9nement fut consid\u00e9r\u00e9 comme un miracle et il influen\u00e7a la vie de Marta et sa relation intime et filiale avec Marie.<\/p>\n<p class=\"western\" lang=\"fr-FR\" align=\"JUSTIFY\">Face aux difficult\u00e9s de la vie, Marta recourait \u00e0 Marie. Elle disait que\u00a0: \u00ab\u00a0Marie ne lui refusait jamais rien.\u00a0\u00bb<\/p>\n<p class=\"western\" lang=\"fr-FR\" align=\"JUSTIFY\">La petite Marta aidait volontiers sa m\u00e8re dans les travaux domestiques. Les voisins l\u2019admiraient pour sa d\u00e9votion, son caract\u00e8re droit, sa bont\u00e9 de c\u0153ur et surtout sa s\u00e9r\u00e9nit\u00e9 qui se communiquait \u00e0 tout son entourage. La famille et les voisins connaissaient sa d\u00e9votion \u00e0 saint Jean N\u00e9pomuc\u00e8ne. Elle avait pris l\u2019initiative d\u2019installer sa statue au bord de la route, pr\u00e9s de sa maison. Elle s\u2019y arr\u00eatait souvent et on la voyait plong\u00e9e dans la pri\u00e8re. D\u00e8s son enfance, un pr\u00eatre du cat\u00e9chisme lui avait insufl\u00e9 cette d\u00e9votion. Durant toute sa vie, elle pria constamment saint Jan.<\/p>\n<p class=\"western\" lang=\"fr-FR\" align=\"JUSTIFY\">Le 3 octobre Marta fit sa premi\u00e8re communion. D\u00e9sormais J\u00e9sus dans l\u2019Eucharistie \u00e9tait au centre de sa vie. Lorsqu\u2019elle le pouvait, elle participait \u00e0 la Messe dans l\u2019\u00e9glise paroissiale \u00e0 Skarszewy, distante de 12 km de chez elle. A la maison, elle consacrait beaucoup de temps \u00e0 la pri\u00e8re. A cette p\u00e9riode, en raison de la maladie de sa m\u00e8re, elle s\u2019occupait de ses jeunes fr\u00e8res et s\u0153urs, qu\u2019ils l\u2019appelaient\u00a0: \u00ab\u00a0leur deuxi\u00e8me maman\u00a0\u00bb.<\/p>\n<div align=\"center\"><b>L\u2019appel \u00e0 la vocation<\/b><\/div>\n<p class=\"western\" lang=\"fr-FR\" align=\"JUSTIFY\">A l\u2019\u00e2ge de 16 ans, Marta avait pris la d\u00e9cision d\u2019entrer dans la Compagnie des Filles de la Charit\u00e9 de Chelmno \u2013 ville proche de chez elle. Elle s\u2019y pr\u00e9senta et demanda d\u2019y \u00eatre admise. Elle fut tr\u00e8s surprise de s\u2019entendre dire\u00a0: qu\u2019elle \u00e9tait trop jeune et qu\u2019elle devait attendre encore 2 ans.<\/p>\n<p class=\"western\" lang=\"fr-FR\" align=\"JUSTIFY\">D\u00e8s ses 18 ans, Marta faisait ses adieux \u00e0 sa famille et \u00e0 ses proches. Elle se rendit \u00e0 Cracovie, ville tr\u00e8s \u00e9loign\u00e9e de chez elle, avec un grand d\u00e9sir de devenir Fille de la Charit\u00e9.<\/p>\n<p class=\"western\" lang=\"fr-FR\" align=\"JUSTIFY\">Elle avait choisi Cracovie en accord avec une amie Monika Gdaniec, qui d\u00e9sirait entrer dans la Compagnie. Ce choix fut d\u00e9cid\u00e9, parce que les S\u0153urs de Chelmno avaient refus\u00e9 Monika en raison des probl\u00e8mes que posait l\u2019envahisseur de l\u2019\u00e9poque. Elles furent toutes deux admises dans la Compagnie \u00e0 Cracovie.<\/p>\n<p class=\"western\" lang=\"fr-FR\" align=\"JUSTIFY\">Marta entra au Postulat, le 26 avril 1882, \u00e0 la Maison Central de Cracovie, 8 rue Warszawska, et le 12 ao\u00fbt, elle commen\u00e7a l\u2019\u00e9tape suivante de la formation, le S\u00e9minaire<br \/>\n(le noviciat) d\u2019une dur\u00e9e de 8 mois. Elle apprit \u00e0 conna\u00eetre le charisme des Filles de la Charit\u00e9, afin de le mettre en pratique toute sa vie.<\/p>\n<p class=\"western\" lang=\"fr-FR\" align=\"JUSTIFY\">Le 21 avril 1893, S\u0153ur Marta prit l\u2019habit des Filles de la Charit\u00e9.<\/p>\n<p class=\"western\" lang=\"fr-FR\" align=\"JUSTIFY\">Pour son premier placement, elle fut envoy\u00e9e \u00e0 l\u2019h\u00f4pital g\u00e9n\u00e9ral de Lviv. Tr\u00e8s rapidement son entourage la remarqua pour son d\u00e9vouement, sa g\u00e9n\u00e9rosit\u00e9 au service des malades.<\/p>\n<p class=\"western\" lang=\"fr-FR\" align=\"JUSTIFY\">Apr\u00e8s un an et demi pass\u00e9 \u00e0 Lviv, elle eut son changement le 15 novembre 1894 pour l\u2019h\u00f4pital de Podhajce. Elle y resta 5 ans, et accomplit sa mission d\u2019infirmi\u00e8re avec bont\u00e9 et charit\u00e9.<\/p>\n<p class=\"western\" lang=\"fr-FR\" align=\"JUSTIFY\">Le 15 ao\u00fbt 1897 elle pronon\u00e7a ses premiers v\u0153ux ratifiant ainsi, son don total \u00e0 Dieu pour le servir des plus Pauvres.<\/p>\n<p class=\"western\" lang=\"fr-FR\" align=\"CENTER\"><b>P\u00e9riode de calomnies<\/b><\/p>\n<p class=\"western\" lang=\"fr-FR\" align=\"JUSTIFY\">En 1899 S\u0153ur Marta arriva \u00e0 la Communaut\u00e9 des S\u0153urs \u00e0 Bochnia. Elle fit la connaissance de S\u0153ur Maria Chab\u0142o, qui \u00e9tait S\u0153ur Servante mais qui devint aussi sa confidente spirituelle.<\/p>\n<p class=\"western\" lang=\"fr-FR\" align=\"JUSTIFY\">A cette p\u00e9riode, elle eut la vision de J\u00e9sus sur la Croix, qui l\u2019encouragea \u00e0 supporter les contradictions en lui promettant de la prendre, bient\u00f4t, pr\u00e8s de Lui.<\/p>\n<p class=\"western\" lang=\"fr-FR\" align=\"JUSTIFY\">Cette vision \u00e9veilla en elle, un profond d\u00e9sir du ciel et une plus grande ardeur du service de Pauvres.<\/p>\n<p class=\"western\" lang=\"fr-FR\" align=\"JUSTIFY\">Des difficult\u00e9s survinrent rapidement\u00a0: apr\u00e8s sa sortie de l\u2019h\u00f4pital, un homme d\u00e9prav\u00e9 plein de jalousie raconta, que S\u0153ur Marta \u00e9tait enceinte. Il alla dire que\u00a0: l\u2019homme en cause \u00e9tait un patient, \u00e9tudiant et parent du cur\u00e9 de la paroisse. S\u0153ur Marta, ainsi, accus\u00e9e, dut vivre sous le poids des comm\u00e9rages et m\u00e9chancet\u00e9s des habitants de la ville. Heureusement la position ferme, juste et cat\u00e9gorique de la S\u0153ur Servante fut que S\u0153ur Wiecka resta \u00e0 Bochnia, afin que son innocence soit reconnue.<\/p>\n<p class=\"western\" lang=\"fr-FR\" align=\"JUSTIFY\">S\u0153ur Marta continua son service avec son habituelle bont\u00e9 et charit\u00e9. Bien qu\u2019elle souffrit beaucoup, elle sut supporter cette calomnie, en silence, s\u2019en remettant totalement \u00e0 Dieu.<\/p>\n<div align=\"center\">Le charisme de S\u0153ur Marta<\/div>\n<p class=\"western\" lang=\"fr-FR\" align=\"JUSTIFY\">Apr\u00e8s avoir travaill\u00e9 \u00e0 l\u2019h\u00f4pital \u00e0 Bochnia, S\u0153ur Marta commen\u00e7a un service \u00e0 l\u2019h\u00f4pital de Sniatyn. Le cur\u00e9 de la paroisse connaissant les diff\u00e9rentes difficult\u00e9s de ses paroissiens, demanda \u00e0 S\u0153ur Marta de les aider \u00e0 r\u00e9soudre leurs probl\u00e8mes pour le bien de leur \u00e2me. Elle avait d\u00e9j\u00e0 v\u00e9cu cette m\u00eame situation \u00e0 Podhajce.<\/p>\n<p class=\"western\" lang=\"fr-FR\" align=\"JUSTIFY\">S\u0153ur Marta ne se limita pas \u00e0 accomplir sa profession d\u2019infirmi\u00e8re \u00e0 l\u2019h\u00f4pital, mais se d\u00e9voua \u00e0 porter secours partout o\u00f9 la n\u00e9cessit\u00e9 se faisait sentir.<\/p>\n<p class=\"western\" lang=\"fr-FR\" align=\"JUSTIFY\">S\u0153ur Marta aima profond\u00e9ment sa vocation. Elle \u00e9tait toujours joyeuse, rayonnante et contente de son service aupr\u00e8s des malades, souriante, pleine de patience et de bont\u00e9. S\u0153ur Marta soulageait les malades, non seulement, corporellement mais aussi spirituellement. Elle trouvait m\u00eame du temps pour enseigner le cat\u00e9chisme et pr\u00e9parer les gens aux sacrements.<\/p>\n<p class=\"western\" lang=\"fr-FR\" align=\"JUSTIFY\">Comme toute la vie de S\u0153ur Marta \u00e9tait remplie d\u2019actes d\u2019amour, m\u00eame sa mort est devenue acte d\u2019amour, dont la source se trouvait dans l\u2019Amour de Dieu et du prochain.<\/p>\n<p class=\"western\" lang=\"fr-FR\" align=\"JUSTIFY\">Sa charit\u00e9, sans limite, l\u2019avait conduite \u00e0 remplacer, bien que consciente du danger qu\u2019elle encourait, un jeune employ\u00e9, p\u00e8re de famille qui \u00e9tait charg\u00e9 de d\u00e9sinfecter la chambre d\u2019une malade du typhus. Le lendemain, les premiers sympt\u00f4mes de la maladie apparurent chez S\u0153ur Marta. Elle contracta le typhus.<\/p>\n<p class=\"western\" lang=\"fr-FR\" align=\"JUSTIFY\">Tous les efforts furent coordonn\u00e9s pour la sauver. Durant la derni\u00e8re semaine de sa vie, \u00e0 l\u2019h\u00f4pital, de nombreuses personnes pri\u00e8rent pour elle, m\u00eame la communaut\u00e9 juive invoquait Dieu, dans la synagogue.<\/p>\n<p class=\"western\" lang=\"fr-FR\" align=\"JUSTIFY\">Apr\u00e8s avoir re\u00e7u le Viatique, S\u0153ur Marta se plongea dans une pri\u00e8re profonde. Les t\u00e9moins la pens\u00e8rent en extase. Elle s\u2019\u00e9teignit dans la paix, le 30 mai 1904.<\/p>\n<p class=\"western\" lang=\"fr-FR\" align=\"JUSTIFY\">Les gens r\u00e9unis autour de son lit, \u00e9taient persuad\u00e9s de dire adieux \u00e0 une personne \u00ab\u00a0extraordinaire\u00a0\u00bb. Ceci se confirma dans l\u2019avenir. Depuis 1904 jusqu\u2019\u00e0 nos jours les gens des diff\u00e9rentes confessions, nationalit\u00e9s et g\u00e9n\u00e9rations se succ\u00e8dent sur la tombe de S\u0153ur Marta. Certaines personnes sont persuad\u00e9es que leur \u00ab\u00a0Matuszka\u00a0\u00bb les aide dans toutes leurs affaires, leurs probl\u00e8mes\u2026elles s\u2019adressent constamment \u00e0 elle.<\/p>\n<p>&nbsp;<\/p>\n","protected":false},"excerpt":{"rendered":"<p>Servante de Dieu S\u0153ur Marta Wiecka de la Compagnie des Filles de la Charit\u00e9 de Saint Vincent de Paul Vie de Marta Wiecka dans sa maison natale La vie de Marta Wiecka a \u00e9t\u00e9 courte. Elle n\u2019a v\u00e9cu que 30 ans, mais cette p\u00e9riode a \u00e9t\u00e9 suffisante pour que son \u00e2me s\u2019\u00e9l\u00e8ve jusqu\u2019au sommet de [&hellip;]<\/p>\n","protected":false},"author":1,"featured_media":0,"parent":0,"menu_order":0,"comment_status":"closed","ping_status":"open","template":"","meta":{"footnotes":""},"class_list":["post-45","page","type-page","status-publish","hentry"],"_links":{"self":[{"href":"https:\/\/martawiecka.pl\/index.php?rest_route=\/wp\/v2\/pages\/45","targetHints":{"allow":["GET"]}}],"collection":[{"href":"https:\/\/martawiecka.pl\/index.php?rest_route=\/wp\/v2\/pages"}],"about":[{"href":"https:\/\/martawiecka.pl\/index.php?rest_route=\/wp\/v2\/types\/page"}],"author":[{"embeddable":true,"href":"https:\/\/martawiecka.pl\/index.php?rest_route=\/wp\/v2\/users\/1"}],"replies":[{"embeddable":true,"href":"https:\/\/martawiecka.pl\/index.php?rest_route=%2Fwp%2Fv2%2Fcomments&post=45"}],"version-history":[{"count":0,"href":"https:\/\/martawiecka.pl\/index.php?rest_route=\/wp\/v2\/pages\/45\/revisions"}],"wp:attachment":[{"href":"https:\/\/martawiecka.pl\/index.php?rest_route=%2Fwp%2Fv2%2Fmedia&parent=45"}],"curies":[{"name":"wp","href":"https:\/\/api.w.org\/{rel}","templated":true}]}}