{"id":1592,"date":"2015-05-11T12:34:28","date_gmt":"2015-05-11T10:34:28","guid":{"rendered":"http:\/\/martawiecka.pl\/?page_id=1592"},"modified":"2015-05-11T12:34:28","modified_gmt":"2015-05-11T10:34:28","slug":"muzyka-2","status":"publish","type":"page","link":"https:\/\/martawiecka.pl\/?page_id=1592","title":{"rendered":"Muzyka"},"content":{"rendered":"<p><a href=\"https:\/\/martawiecka.pl\/wp-content\/uploads\/2015\/05\/Blogoslawiona_Siostro.pdf\" target=\"_blank\">&#8222;Blogoslawiona Siostro&#8221; &#8211; nuty<\/a><\/p>\n<p><a href=\"https:\/\/martawiecka.pl\/wp-content\/uploads\/2015\/05\/BlogoslawionaS_tekst.pdf\" target=\"_blank\">&#8222;B\u0142ogos\u0142awiona Siostro&#8221; &#8211; tekst<\/a><\/p>\n<p><a href=\"https:\/\/martawiecka.pl\/wp-content\/uploads\/2015\/05\/Dzis_tryumf.pdf\" target=\"_blank\">&#8222;Dzi\u015b triumf&#8221;<\/a><\/p>\n<p><a href=\"https:\/\/martawiecka.pl\/wp-content\/uploads\/2015\/05\/JakMarta_tekst.pdf\" target=\"_blank\">&#8222;Jak Marta&#8221; &#8211; tekst<\/a><\/p>\n<audio class=\"wp-audio-shortcode\" id=\"audio-1592-1\" preload=\"none\" style=\"width: 100%;\" controls=\"controls\"><source type=\"audio\/mpeg\" src=\"https:\/\/martawiecka.pl\/wp-content\/uploads\/2015\/05\/JakMarta.mp3?_=1\" \/><a href=\"https:\/\/martawiecka.pl\/wp-content\/uploads\/2015\/05\/JakMarta.mp3\">https:\/\/martawiecka.pl\/wp-content\/uploads\/2015\/05\/JakMarta.mp3<\/a><\/audio>\n<p>&nbsp;<\/p>\n<p><a href=\"https:\/\/martawiecka.pl\/wp-content\/uploads\/2015\/05\/Ku_czci_Bogoslawionej.pdf\">&#8222;Ku czci B\u0142ogoslawionej&#8221;<\/a><\/p>\n<audio class=\"wp-audio-shortcode\" id=\"audio-1592-2\" preload=\"none\" style=\"width: 100%;\" controls=\"controls\"><source type=\"audio\/mpeg\" src=\"https:\/\/martawiecka.pl\/wp-content\/uploads\/2015\/05\/Ku-czci.mp3?_=2\" \/><a href=\"https:\/\/martawiecka.pl\/wp-content\/uploads\/2015\/05\/Ku-czci.mp3\">https:\/\/martawiecka.pl\/wp-content\/uploads\/2015\/05\/Ku-czci.mp3<\/a><\/audio>\n<p>&nbsp;<\/p>\n<p><a href=\"https:\/\/martawiecka.pl\/wp-content\/uploads\/2015\/05\/Z_ofiary_1.pdf\" target=\"_blank\">&#8222;Z ofiary Twego \u017cycia&#8221; &#8211; wersja 1<\/a><\/p>\n<p><a href=\"https:\/\/martawiecka.pl\/wp-content\/uploads\/2015\/05\/Z_ofiary_2.pdf\" target=\"_blank\">&#8222;Z ofiary twego \u017cycia&#8221; &#8211; wersja 2<\/a><\/p>\n<p><a href=\"https:\/\/martawiecka.pl\/wp-content\/uploads\/2015\/05\/Zegnam.pdf\">&#8222;\u017begnam Ci\u0119, Maryjo&#8221;<\/a><\/p>\n<audio class=\"wp-audio-shortcode\" id=\"audio-1592-3\" preload=\"none\" style=\"width: 100%;\" controls=\"controls\"><source type=\"audio\/mpeg\" src=\"https:\/\/martawiecka.pl\/wp-content\/uploads\/2015\/05\/Zegnam.mp3?_=3\" \/><a href=\"https:\/\/martawiecka.pl\/wp-content\/uploads\/2015\/05\/Zegnam.mp3\">https:\/\/martawiecka.pl\/wp-content\/uploads\/2015\/05\/Zegnam.mp3<\/a><\/audio>\n<p>&nbsp;<\/p>\n<p>&nbsp;<\/p>\n","protected":false},"excerpt":{"rendered":"<p>&#8222;Blogoslawiona Siostro&#8221; &#8211; nuty &#8222;B\u0142ogos\u0142awiona Siostro&#8221; &#8211; tekst &#8222;Dzi\u015b triumf&#8221; &#8222;Jak Marta&#8221; &#8211; tekst &nbsp; &#8222;Ku czci B\u0142ogoslawionej&#8221; &nbsp; &#8222;Z ofiary Twego \u017cycia&#8221; &#8211; wersja 1 &#8222;Z ofiary twego \u017cycia&#8221; &#8211; wersja 2 &#8222;\u017begnam Ci\u0119, Maryjo&#8221; &nbsp; &nbsp;<\/p>\n","protected":false},"author":1,"featured_media":0,"parent":0,"menu_order":0,"comment_status":"closed","ping_status":"closed","template":"","meta":{"footnotes":""},"class_list":["post-1592","page","type-page","status-publish","hentry"],"_links":{"self":[{"href":"https:\/\/martawiecka.pl\/index.php?rest_route=\/wp\/v2\/pages\/1592","targetHints":{"allow":["GET"]}}],"collection":[{"href":"https:\/\/martawiecka.pl\/index.php?rest_route=\/wp\/v2\/pages"}],"about":[{"href":"https:\/\/martawiecka.pl\/index.php?rest_route=\/wp\/v2\/types\/page"}],"author":[{"embeddable":true,"href":"https:\/\/martawiecka.pl\/index.php?rest_route=\/wp\/v2\/users\/1"}],"replies":[{"embeddable":true,"href":"https:\/\/martawiecka.pl\/index.php?rest_route=%2Fwp%2Fv2%2Fcomments&post=1592"}],"version-history":[{"count":1,"href":"https:\/\/martawiecka.pl\/index.php?rest_route=\/wp\/v2\/pages\/1592\/revisions"}],"predecessor-version":[{"id":1593,"href":"https:\/\/martawiecka.pl\/index.php?rest_route=\/wp\/v2\/pages\/1592\/revisions\/1593"}],"wp:attachment":[{"href":"https:\/\/martawiecka.pl\/index.php?rest_route=%2Fwp%2Fv2%2Fmedia&parent=1592"}],"curies":[{"name":"wp","href":"https:\/\/api.w.org\/{rel}","templated":true}]}}