{"id":1208,"date":"2015-03-07T20:10:37","date_gmt":"2015-03-07T19:10:37","guid":{"rendered":"http:\/\/91.194.228.101\/martawiecka\/?page_id=1208"},"modified":"2015-03-07T20:32:14","modified_gmt":"2015-03-07T19:32:14","slug":"oraciones","status":"publish","type":"page","link":"https:\/\/martawiecka.pl\/?page_id=1208","title":{"rendered":"Oraciones"},"content":{"rendered":"<p style=\"text-align: center;\"><strong><span style=\"font-size: 19px;\">ORACI\u00d3N<\/span><\/strong><\/p>\n<p style=\"text-align: center;\">Oh Dios, Tu has llamado a Sor Marta Wiecka<br \/>\na la Compa\u00f1\u00eda de las Hijas de la Caridad,<br \/>\npara que siguiendo a tu Hijo sirviera a los pobres y enfermos.<br \/>\nFiel a tu llamada<br \/>\nrecorr\u00eda el camino de la vocaci\u00f3n vicenciana<br \/>\nsacrific\u00e1ndose por entero,<br \/>\nhasta entregar su vida por el pr\u00f3jimo.<br \/>\nOh Dios m\u00edo, Te glorifico<br \/>\npor todos los dones\u00a0que concediste a la beata Marta Wiecka.<br \/>\nTe suplico que manifiestes por su intercesi\u00f3n<br \/>\nel poder de tu Amor y me concedas la gracia&#8230;<br \/>\nque te pido con humildad y confianza,<br \/>\nsi es conforme a tu santa voluntad.<br \/>\nPor Cristo Nuestro Se\u00f1or. Am\u00e9n.<\/p>\n<p style=\"text-align: center;\">Padre nuestro&#8230;, Ave Mar\u00eda&#8230;, Gloria&#8230;.<br \/>\nOh Mar\u00eda sin pecado concebida, ruega por nosotros que recurrimos a Ti.<\/p>\n<p style=\"text-align: center;\"><span style=\"font-size: 14px;\">Quien reciba gracias o milagros, favor de informar a la siguiente direcci\u00f3n:<\/span><br \/>\n<span style=\"font-size: 14px;\"> <a href=\"mailto:Archiwumsmk@szarytki.pl\">Archiwumsmk@szarytki.pl<\/a><\/span><\/p>\n","protected":false},"excerpt":{"rendered":"<p>ORACI\u00d3N Oh Dios, Tu has llamado a Sor Marta Wiecka a la Compa\u00f1\u00eda de las Hijas de la Caridad, para que siguiendo a tu Hijo sirviera a los pobres y enfermos. Fiel a tu llamada recorr\u00eda el camino de la vocaci\u00f3n vicenciana sacrific\u00e1ndose por entero, hasta entregar su vida por el pr\u00f3jimo. Oh Dios m\u00edo, [&hellip;]<\/p>\n","protected":false},"author":1,"featured_media":0,"parent":0,"menu_order":0,"comment_status":"closed","ping_status":"closed","template":"","meta":{"footnotes":""},"class_list":["post-1208","page","type-page","status-publish","hentry"],"_links":{"self":[{"href":"https:\/\/martawiecka.pl\/index.php?rest_route=\/wp\/v2\/pages\/1208","targetHints":{"allow":["GET"]}}],"collection":[{"href":"https:\/\/martawiecka.pl\/index.php?rest_route=\/wp\/v2\/pages"}],"about":[{"href":"https:\/\/martawiecka.pl\/index.php?rest_route=\/wp\/v2\/types\/page"}],"author":[{"embeddable":true,"href":"https:\/\/martawiecka.pl\/index.php?rest_route=\/wp\/v2\/users\/1"}],"replies":[{"embeddable":true,"href":"https:\/\/martawiecka.pl\/index.php?rest_route=%2Fwp%2Fv2%2Fcomments&post=1208"}],"version-history":[{"count":11,"href":"https:\/\/martawiecka.pl\/index.php?rest_route=\/wp\/v2\/pages\/1208\/revisions"}],"predecessor-version":[{"id":1217,"href":"https:\/\/martawiecka.pl\/index.php?rest_route=\/wp\/v2\/pages\/1208\/revisions\/1217"}],"wp:attachment":[{"href":"https:\/\/martawiecka.pl\/index.php?rest_route=%2Fwp%2Fv2%2Fmedia&parent=1208"}],"curies":[{"name":"wp","href":"https:\/\/api.w.org\/{rel}","templated":true}]}}