{"id":1202,"date":"2015-03-07T20:10:37","date_gmt":"2015-03-07T19:05:10","guid":{"rendered":"http:\/\/91.194.228.101\/martawiecka\/?page_id=1202"},"modified":"2015-03-07T20:06:16","modified_gmt":"2015-03-07T19:06:16","slug":"prieres","status":"publish","type":"page","link":"https:\/\/martawiecka.pl\/?page_id=1202","title":{"rendered":"Pri\u00e8res"},"content":{"rendered":"<p style=\"text-align: center;\"><span style=\"font-size: 19px;\">PRIERE<\/span><\/p>\n<p style=\"text-align: center;\">Seigneur Dieu, tu as appel\u00e9<br \/>\nS\u0153ur Marta Wiecka<br \/>\nDans la Compagnie des Filles de la Charit\u00e9<br \/>\npour suivre Ton Fils<br \/>\net Le servir dans les Pauvres et malades.<br \/>\nDocile \u00e0 Ton appel, elle a march\u00e9 sur le chemin de la vocation vincentienne<br \/>\nen se d\u00e9vouant enti\u00e8rement au service<br \/>\njusqu\u2019\u00e0 donner sa vie pour le prochain.<br \/>\nNous Te rendons gr\u00e2ce pour tout ce que<br \/>\nTu a op\u00e9r\u00e9 dans la vie de Ta servante.<br \/>\nSeigneur, nous Te prions par son intercession, daigne nous montrer<br \/>\nla puissance de Ton amour<br \/>\net accorde nous la gr\u00e2ce<br \/>\n(nommer une intention)<br \/>\npour laquelle nous Te prions<br \/>\navec humilit\u00e9 et confiance,<br \/>\nsi cela s\u2019accorde avec Ta volont\u00e9.<br \/>\nPar J\u00e9sus le christ notre Seigneur. Amen.<\/p>\n<p style=\"text-align: center;\">Notre P\u00e8re\u2026 Je vous salue Marie\u2026 Gloire au P\u00e8re\u2026<br \/>\nO Marie con\u00e7ue sans p\u00e9ch\u00e9,<br \/>\npriez pour nous qui avons recours \u00e0 Vous.<\/p>\n<p style=\"text-align: center;\"><span style=\"font-size: 15px;\">Pour communiquer les gr\u00e2ces <\/span><br \/>\n<span style=\"font-size: 15px;\">obtenues par l&#8217;intercession de Sr Marta Wiecka s\u2019adresser \u00e0:<\/span><br \/>\n<span style=\"font-size: 15px;\">Zgromadzenie Si\u00f3str Mi\u0142osierdzia<\/span><br \/>\n<span style=\"font-size: 15px;\">ul. Warszawska 8, 31-155 Krak\u00f3w<\/span><br \/>\n<span style=\"font-size: 15px;\"><a href=\"mailto:Archiwumsmk@szarytki.pl\">Archiwumsmk@szarytki.pl<\/a><\/span><\/p>\n","protected":false},"excerpt":{"rendered":"<p>PRIERE Seigneur Dieu, tu as appel\u00e9 S\u0153ur Marta Wiecka Dans la Compagnie des Filles de la Charit\u00e9 pour suivre Ton Fils et Le servir dans les Pauvres et malades. Docile \u00e0 Ton appel, elle a march\u00e9 sur le chemin de la vocation vincentienne en se d\u00e9vouant enti\u00e8rement au service jusqu\u2019\u00e0 donner sa vie pour le [&hellip;]<\/p>\n","protected":false},"author":1,"featured_media":0,"parent":0,"menu_order":0,"comment_status":"closed","ping_status":"closed","template":"","meta":{"footnotes":""},"class_list":["post-1202","page","type-page","status-publish","hentry"],"_links":{"self":[{"href":"https:\/\/martawiecka.pl\/index.php?rest_route=\/wp\/v2\/pages\/1202","targetHints":{"allow":["GET"]}}],"collection":[{"href":"https:\/\/martawiecka.pl\/index.php?rest_route=\/wp\/v2\/pages"}],"about":[{"href":"https:\/\/martawiecka.pl\/index.php?rest_route=\/wp\/v2\/types\/page"}],"author":[{"embeddable":true,"href":"https:\/\/martawiecka.pl\/index.php?rest_route=\/wp\/v2\/users\/1"}],"replies":[{"embeddable":true,"href":"https:\/\/martawiecka.pl\/index.php?rest_route=%2Fwp%2Fv2%2Fcomments&post=1202"}],"version-history":[{"count":3,"href":"https:\/\/martawiecka.pl\/index.php?rest_route=\/wp\/v2\/pages\/1202\/revisions"}],"predecessor-version":[{"id":1216,"href":"https:\/\/martawiecka.pl\/index.php?rest_route=\/wp\/v2\/pages\/1202\/revisions\/1216"}],"wp:attachment":[{"href":"https:\/\/martawiecka.pl\/index.php?rest_route=%2Fwp%2Fv2%2Fmedia&parent=1202"}],"curies":[{"name":"wp","href":"https:\/\/api.w.org\/{rel}","templated":true}]}}