{"id":1191,"date":"2015-03-07T20:10:37","date_gmt":"2015-03-07T18:59:32","guid":{"rendered":"http:\/\/91.194.228.101\/martawiecka\/?page_id=1191"},"modified":"2015-03-07T20:07:09","modified_gmt":"2015-03-07T19:07:09","slug":"modlitwy-2","status":"publish","type":"page","link":"https:\/\/martawiecka.pl\/?page_id=1191","title":{"rendered":"Modlitwy"},"content":{"rendered":"<p style=\"text-align: center;\"><strong><span style=\"font-family: 'Cantora One', sans-serif; font-size: 16px;\">Modlitwa o uproszenie \u0142ask za przyczyn\u0105<\/span><\/strong><br \/>\n<strong> <span style=\"font-family: 'Cantora One', sans-serif; font-size: 16px;\"> B\u0142ogos\u0142awionej Siostry Marty Wieckiej<\/span><\/strong><\/p>\n<p style=\"text-align: center;\"><span style=\"font-family: 'Cantora One', sans-serif; font-size: 16px;\">Panie Bo\u017ce, Ty powo\u0142a\u0142e\u015b Siostr\u0119 Mart\u0119 Wieck\u0105<\/span><br \/>\n<span style=\"font-family: 'Cantora One', sans-serif; font-size: 16px;\"> do Zgromadzenia Si\u00f3str Mi\u0142osierdzia,<\/span><br \/>\n<span style=\"font-family: 'Cantora One', sans-serif; font-size: 16px;\"> by id\u0105c za Twoim Synem s\u0142u\u017cy\u0142a ubogim i chorym.<\/span><br \/>\n<span style=\"font-family: 'Cantora One', sans-serif; font-size: 16px;\"> Pos\u0142uszna Twemu wezwaniu,<\/span><br \/>\n<span style=\"font-family: 'Cantora One', sans-serif; font-size: 16px;\"> sz\u0142a drog\u0105 wincenty\u0144skiego powo\u0142ania,<\/span><br \/>\n<span style=\"font-family: 'Cantora One', sans-serif; font-size: 16px;\"> po\u015bwi\u0119caj\u0105c si\u0119 ca\u0142kowicie s\u0142u\u017cbie,<\/span><br \/>\n<span style=\"font-family: 'Cantora One', sans-serif; font-size: 16px;\"> a\u017c do oddania \u017cycia za cz\u0142owieka.<\/span><br \/>\n<span style=\"font-family: 'Cantora One', sans-serif; font-size: 16px;\"> Panie, Bo\u017ce m\u00f3j uwielbiam Ci\u0119 za wszystkie \u0142aski<\/span><br \/>\n<span style=\"font-family: 'Cantora One', sans-serif; font-size: 16px;\"> jakich raczy\u0142e\u015b udzieli\u0107 B\u0142ogos\u0142awionej Siostrze Marcie Wieckiej.<\/span><br \/>\n<span style=\"font-family: 'Cantora One', sans-serif; font-size: 16px;\"> B\u0142agam Ci\u0119, racz okaza\u0107 przez jej wstawiennictwo<\/span><br \/>\n<span style=\"font-family: 'Cantora One', sans-serif; font-size: 16px;\"> pot\u0119g\u0119 Twojej mi\u0142o\u015bci i udziel mi \u0142aski&#8230;&#8230;&#8230;..<\/span><br \/>\n<span style=\"font-family: 'Cantora One', sans-serif; font-size: 16px;\"> o kt\u00f3r\u0105 Ci\u0119 pokornie i z ufno\u015bci\u0105 prosz\u0119,<\/span><br \/>\n<span style=\"font-family: 'Cantora One', sans-serif; font-size: 16px;\"> je\u017celi to zgadza si\u0119 z Twoj\u0105 wol\u0105.<\/span><br \/>\n<span style=\"font-family: 'Cantora One', sans-serif; font-size: 16px;\"> Przez Chrystusa Pana naszego. Amen.<\/span><\/p>\n<p style=\"text-align: center;\"><span style=\"font-family: 'Cantora One', sans-serif; font-size: 16px;\">Ojcze nasz\u2026, Zdrowa\u015b Maryjo\u2026, Chwa\u0142a Ojcu\u2026,<\/span><br \/>\n<span style=\"font-family: 'Cantora One', sans-serif; font-size: 16px;\"> O Maryjo bez grzechu pocz\u0119ta,<\/span><br \/>\n<span style=\"font-family: 'Cantora One', sans-serif; font-size: 16px;\"> m\u00f3dl si\u0119 za nami, kt\u00f3rzy si\u0119 do Ciebie uciekamy.<\/span><\/p>\n<p style=\"text-align: center;\"><span style=\"font-family: 'Cantora One', sans-serif; font-size: 14px;\">O \u0142askach uzyskanych przez przyczyn\u0119 B\u0142ogos\u0142awionej Siostry Marty Wieckiej prosimy powiadomi\u0107:<\/span><\/p>\n<p style=\"text-align: center;\"><span style=\"font-family: 'Cantora One', sans-serif; font-size: 14px;\">Zgromadzenie Si\u00f3str Mi\u0142osierdzia<\/span><br \/>\n<span style=\"font-family: 'Cantora One', sans-serif; font-size: 14px;\"> ul. Warszawska 8, 31-155 Krak\u00f3w<\/span><br \/>\n<span style=\"font-family: 'Cantora One', sans-serif; font-size: 14px;\"> <a href=\"mailto:Archiwumsmk@szarytki.pl\">Archiwumsmk@szarytki.pl<\/a><\/span><\/p>\n","protected":false},"excerpt":{"rendered":"<p>Modlitwa o uproszenie \u0142ask za przyczyn\u0105 B\u0142ogos\u0142awionej Siostry Marty Wieckiej Panie Bo\u017ce, Ty powo\u0142a\u0142e\u015b Siostr\u0119 Mart\u0119 Wieck\u0105 do Zgromadzenia Si\u00f3str Mi\u0142osierdzia, by id\u0105c za Twoim Synem s\u0142u\u017cy\u0142a ubogim i chorym. Pos\u0142uszna Twemu wezwaniu, sz\u0142a drog\u0105 wincenty\u0144skiego powo\u0142ania, po\u015bwi\u0119caj\u0105c si\u0119 ca\u0142kowicie s\u0142u\u017cbie, a\u017c do oddania \u017cycia za cz\u0142owieka. Panie, Bo\u017ce m\u00f3j uwielbiam Ci\u0119 za wszystkie \u0142aski [&hellip;]<\/p>\n","protected":false},"author":1,"featured_media":0,"parent":0,"menu_order":0,"comment_status":"closed","ping_status":"closed","template":"","meta":{"footnotes":""},"class_list":["post-1191","page","type-page","status-publish","hentry"],"_links":{"self":[{"href":"https:\/\/martawiecka.pl\/index.php?rest_route=\/wp\/v2\/pages\/1191","targetHints":{"allow":["GET"]}}],"collection":[{"href":"https:\/\/martawiecka.pl\/index.php?rest_route=\/wp\/v2\/pages"}],"about":[{"href":"https:\/\/martawiecka.pl\/index.php?rest_route=\/wp\/v2\/types\/page"}],"author":[{"embeddable":true,"href":"https:\/\/martawiecka.pl\/index.php?rest_route=\/wp\/v2\/users\/1"}],"replies":[{"embeddable":true,"href":"https:\/\/martawiecka.pl\/index.php?rest_route=%2Fwp%2Fv2%2Fcomments&post=1191"}],"version-history":[{"count":4,"href":"https:\/\/martawiecka.pl\/index.php?rest_route=\/wp\/v2\/pages\/1191\/revisions"}],"predecessor-version":[{"id":1193,"href":"https:\/\/martawiecka.pl\/index.php?rest_route=\/wp\/v2\/pages\/1191\/revisions\/1193"}],"wp:attachment":[{"href":"https:\/\/martawiecka.pl\/index.php?rest_route=%2Fwp%2Fv2%2Fmedia&parent=1191"}],"curies":[{"name":"wp","href":"https:\/\/api.w.org\/{rel}","templated":true}]}}