{"id":1103,"date":"2015-03-06T16:47:00","date_gmt":"2015-03-06T15:47:00","guid":{"rendered":"http:\/\/91.194.228.101\/martawiecka\/?page_id=1103"},"modified":"2015-05-11T12:35:15","modified_gmt":"2015-05-11T10:35:15","slug":"publikacje","status":"publish","type":"page","link":"https:\/\/martawiecka.pl\/?page_id=1103","title":{"rendered":"Publikacje"},"content":{"rendered":"<table>\n<tbody>\n<tr align=\"center\" valign=\"middle\">\n<td width=\"422\"><span style=\"font-family: 'Cantora One', sans-serif;\"><span style=\"font-size: 15px;\"><span style=\"font-size: 15px;\"><b>\u201eNowy Wiec &#8211; miejsce urodzenia b\u0142ogos\u0142awionej Siostry Marty Wieckiej&#8221;<br \/>\n<i>Wies\u0142aw Brzoskowski<\/i><br \/>\nSkarszewy 2010<\/b>\u00a0<\/span><\/span><br \/>\nKsi\u0105\u017cka o historii Nowego Wieca &#8211; rodzinnej miejscowo\u015bci siostry Wieckiej. Publikacja ukaza\u0142a si\u0119 w drug\u0105 rocznic\u0119 beatyfikacji s. Marty. Inicjatorem wydania jest Ko\u0142o Gospody\u0144 Wiejskich w Nowym Wiecu, wydawc\u0105 &#8211; Introligatornia Mirex.<\/span><\/td>\n<td width=\"300\"><center><\/center><center><img decoding=\"async\" src=\"materialy\/publikacje\/NowyWiec_thumb.gif\" alt=\"\" height=\"150\" \/><\/center><\/td>\n<\/tr>\n<tr align=\"center\" valign=\"middle\">\n<td width=\"422\"><span style=\"font-size: 15px;\"><span style=\"font-family: 'Cantora One', sans-serif;\"><b>&#8222;Sala pami\u0105tek im. b\u0142. Siostry Marty Wieckiej&#8221;<br \/>\n<i>red. s. J\u00f3zefa W\u0105troba SM<\/i><\/b><\/span><span style=\"font-family: 'Cantora One', sans-serif;\">\u00a0<\/span><span style=\"font-family: 'Cantora One', sans-serif;\"><br \/>\nFolder o Sali Pami\u0105tek im. B\u0142. s. Marty Wieckiej. Spe\u0142nia on funkcj\u0119 informatora na temat muzeum funkcjonuj\u0105cego od uroczysto\u015bci beatyfikacji S. Marty Wieckiej na terenie Domu Prowincjalnego Si\u00f3str Mi\u0142osierdzia w Krakowie. Mo\u017cna w nim znale\u017a\u0107 ciekawe fotografie wykonane przez przewodnika krakowskiego pana Romana Tekieli oraz najwa\u017cniejsze informacje na temat ekspozycji, g\u0142\u00f3wnego przes\u0142ania zorganizowanego muzeum oraz kontakty umo\u017cliwiaj\u0105ce zg\u0142oszenie do zwiedzania tych sal po\u015bwi\u0119conych historii prowincji oraz nowej b\u0142ogos\u0142awionej &#8211; s. Marcie Wieckiej.<\/span><\/span><\/td>\n<td style=\"text-align: center;\" width=\"300\"><center><\/center><center><img loading=\"lazy\" decoding=\"async\" src=\"materialy\/publikacje\/informator_thumbnail.jpg\" alt=\"\" width=\"86\" height=\"150\" \/><\/center><br \/>\n<center><img loading=\"lazy\" decoding=\"async\" src=\"materialy\/publikacje\/inf.s.2_thumbnail.jpg\" alt=\"\" width=\"105\" height=\"150\" \/><\/center><\/td>\n<\/tr>\n<tr align=\"center\" valign=\"middle\">\n<td width=\"422\"><span style=\"font-size: 15px;\"><span style=\"font-family: 'Cantora One', sans-serif;\"><b>\u201eModlitwy i pie\u015bni ku czci B\u0142. Siostry Marty Wieckiej&#8221;<br \/>\n<i>red. s. Sabina Zelek SM<br \/>\nopracowanie: br. Marek M. Urbaniak FSC (nowenna, Droga Krzy\u017cowa),<br \/>\ns. Mariana Aga\u0142arowa SM (R\u00f3\u017caniec)<br \/>\n<\/i>WITKM Krak\u00f3w 2009<\/b><\/span><span style=\"font-family: 'Cantora One', sans-serif;\">\u00a0<\/span><span style=\"font-family: 'Cantora One', sans-serif;\"><br \/>\nZbi\u00f3r modlitw i pie\u015bni zwi\u0105zanych ze \u015bwietlan\u0105 postaci\u0105 nowej B\u0142ogos\u0142awionej. Zawiera on: teksty Liturgii Godzin o b\u0142. Marcie Wieckiej, testy mszalne, nowenn\u0119, drog\u0119 krzy\u017cow\u0105, rozwa\u017cania r\u00f3\u017ca\u0144cowe, propozycj\u0119 nabo\u017ce\u0144stwa ekumenicznego oraz inne modlitwy i pie\u015bni.<\/span><\/span><span style=\"font-family: 'Cantora One', sans-serif;\"><span style=\"font-size: 15px;\"> S. Anna Brz\u0119k, Wizytatorka krakowskiej prowincji\u00a0si\u00f3str mi\u0142osierdzia napisa\u0142a: \u201eTo dobrze, \u017ce dzi\u0119ki tej ksi\u0105\u017cce b\u0119dziemy mogli wzywa\u0107 wstawiennictwa B\u0142. Siostry Marty. Niech modlitwa proponowanymi tekstami przybli\u017cy nas nie tylko do Boga ale i do drugiego cz\u0142owieka , gdy\u017c &#8211; jak m\u00f3wi\u0142 \u015bw. Wincenty &#8211; <\/span><\/span><i><span style=\"font-family: 'Cantora One', sans-serif;\"><span style=\"font-size: 15px;\">nie ma nic bardziej zgodnego z Ewangeli\u0105, jak dzielenie si\u0119\u00a0<\/span><span style=\"font-size: 15px; line-height: 22.5px;\">\u015bwiat\u0142em<\/span><span style=\"font-size: 15px;\">\u00a0i moc\u0105, zdobytymi na modlitwie, z tymi, kt\u00f3rzy\u00a0niecierpliwie czekaj\u0105 na ten duchowy pokarm (SVP XI, 734)&#8221;<\/span><\/span><\/i><\/td>\n<td style=\"text-align: center;\" width=\"300\"><center><img decoding=\"async\" src=\"materialy\/publikacje\/Modlitwy_thumbnail.png\" alt=\"\" border=\"0\" \/><\/center><\/td>\n<\/tr>\n<tr align=\"center\" valign=\"middle\">\n<td width=\"422\"><span style=\"font-family: 'Cantora One', sans-serif;\"><b><br \/>\n<\/b><span style=\"font-size: 15px;\"><b>\u201eI Rocznica Beatyfikacji Siostry Marty Wieckiej &#8211; Cz\u0119stochowa 24.05.2009&#8243; DVD<\/b><b><br \/>\nStudio Kamyk, Kielce 2009<\/b><br \/>\nFilm z uroczysto\u015bci dzi\u0119kczynnych w Cz\u0119stochowie z okazji<\/span><\/span><br \/>\n<span style=\"font-family: 'Cantora One', sans-serif; font-size: 15px;\"> I Rocznicy Beatyfikacji.\/<\/span><\/td>\n<td width=\"300\"><center><span style=\"font-family: 'Cantora One', sans-serif;\"><img decoding=\"async\" src=\"https:\/\/martawiecka.pl\/materialy\/publikacje\/CDrocznica_thumbnail.png\" alt=\"\" border=\"0\" \/><\/span><\/center><\/td>\n<\/tr>\n<tr align=\"center\" valign=\"middle\">\n<td width=\"422\"><span style=\"font-size: 15px;\"><span style=\"font-family: 'Cantora One', sans-serif;\"><b>\u201eMsza\u0142 Wincenty\u0144ski&#8221;<br \/>\n<i><\/i>WITKM Krak\u00f3w 2009<\/b><\/span><span style=\"font-family: 'Cantora One', sans-serif;\">\u00a0<\/span><\/span><span style=\"font-size: 15px;\"><br \/>\nMsza\u0142 ten zawiera formularze o \u015bwi\u0119tych i B\u0142ogos\u0142awionych Rodziny Wincenty\u0144skiej, w\u0142\u0105czaj\u0105c w to tak\u017ce b\u0142ogos\u0142awion\u0105 Mart\u0119 Wieck\u0105<\/span><\/td>\n<td width=\"300\"><center><span style=\"font-family: 'Cantora One', sans-serif;\"><img decoding=\"async\" src=\"https:\/\/martawiecka.pl\/materialy\/publikacje\/Mszal_thumbnail.png\" alt=\"\" border=\"0\" \/><\/span><\/center><\/td>\n<\/tr>\n<tr align=\"center\" valign=\"middle\">\n<td width=\"422\"><span style=\"font-size: 15px;\"><span style=\"font-family: 'Cantora One', sans-serif;\"><b>\u201eB\u0142ogos\u0142awiona Siostra Marta Wiecka&#8221;<br \/>\n<i>Projekt i zdj\u0119cia: Grzegorz Ga\u0142\u0105zka<br \/>\nTekst: ks. W\u0142adys\u0142aw Bomba CM<br \/>\n<\/i>Michalineum 2009<\/b><\/span><span style=\"font-family: 'Cantora One', sans-serif;\">\u00a0<\/span><\/span><span style=\"font-size: 15px;\"><br \/>\nFotoalbum znanego papieskiego fotografa Grzegorza Ga\u0142\u0105zki. Pierwsza jego cz\u0119\u015b\u0107 zawiera zdj\u0119cia i teksty (w trzech j\u0119zykach: polskim, ukrai\u0144skim i francuskim) przybli\u017caj\u0105ce histori\u0119 Zgromadzenia Si\u00f3str Mi\u0142osierdzia, do kt\u00f3rego nale\u017ca\u0142a B\u0142ogos\u0142awiona Marta, \u017cyciorys Siostry wyniesionej na o\u0142tarze oraz przygotowania do procesu beatyfikacyjnego w Watykanie. Dalej znajduje si\u0119 szczeg\u00f3\u0142owy reporta\u017c z beatyfikacji, a tak\u017ce z uroczysto\u015bci dzi\u0119kczynnych w \u015aniatynie. Ostatnia cz\u0119\u015b\u0107 albumu po\u015bwi\u0119cona jest siostrom szarytkom prowincji krakowskiej oraz dzie\u0142om aktualnie przez nich prowadzonym.<\/span><\/td>\n<td width=\"300\"><center><span style=\"font-family: 'Cantora One', sans-serif;\"><img decoding=\"async\" src=\"https:\/\/martawiecka.pl\/materialy\/publikacje\/Album_thumbnail.gif\" alt=\"\" border=\"0\" \/><\/span><\/center><\/td>\n<\/tr>\n<tr align=\"center\" valign=\"middle\">\n<td width=\"422\"><span style=\"font-size: 15px;\"><span style=\"font-family: 'Cantora One', sans-serif;\"><b>\u201eDroga do Pana B\u0142ogos\u0142awionej Marty Wieckiej&#8221;<br \/>\n<i>oprac. s. J\u00f3zefa W\u0105troba SM<\/i><br \/>\n2008<\/b><\/span><span style=\"font-family: 'Cantora One', sans-serif;\">\u00a0<\/span><\/span><span style=\"font-size: 15px;\"><br \/>\nBogato ilustrowane, albumowe wydanie, zawieraj\u0105ce: s\u0142owo wprowadzaj\u0105ce s. Anny Brz\u0119k \u2013 Wizytatorki Krakowskiej Prowincji Si\u00f3str Mi\u0142osierdzia, biogram b\u0142. s. Marty, Jej listy i modlitewnik, relacj\u0119 z Beatyfikacji s. Marty Wieckiej oraz z Dzi\u0119kczynienia za ten dar w \u015aniatynie, wreszcie przem\u00f3wienie Matki Generalnej Evelyne Franc wyg\u0142oszone podczas tego dzi\u0119kczynienia.<\/span><\/td>\n<td width=\"300\"><center><span style=\"font-family: 'Cantora One', sans-serif;\"><img decoding=\"async\" src=\"https:\/\/martawiecka.pl\/materialy\/publikacje\/DrogadoPana_thumbnail.png\" alt=\"\" border=\"0\" \/><\/span><\/center><\/td>\n<\/tr>\n<tr align=\"center\" valign=\"middle\">\n<td width=\"422\"><span style=\"font-size: 15px;\"><span style=\"font-family: 'Cantora One', sans-serif;\"><b>\u201eDroga ku jedno\u015bci &#8211; S. Marta Wiecka&#8221;<br \/>\n<i>red. s. Marie Genevi\u00e8ve Roux SM<\/i><br \/>\n\u00c9ditions du Signe, Strasbourg 2008<\/b><\/span><\/span><span style=\"font-size: 15px;\"><br \/>\n&#8222;Poni\u017csza ksi\u0105\u017ceczka pozwoli na lepsze poznanie tej prostej Siostry Mi\u0142osierdzia p\u0142on\u0105cej mi\u0142o\u015bci\u0105 Boga wobec Ubogich&#8221;<\/span><br \/>\n<span style=\"font-family: 'Cantora One', sans-serif; font-size: 15px;\"> Fragment ze s\u0142owa wprowadzaj\u0105cego S. Evelyne Franc, Prze\u0142o\u017conej Generalnej Si\u00f3str Mi\u0142osierdzia.<\/span><\/td>\n<td width=\"300\"><center><span style=\"font-family: 'Cantora One', sans-serif;\"><img decoding=\"async\" src=\"https:\/\/martawiecka.pl\/materialy\/publikacje\/Droga_jednosci_thumb.jpg\" alt=\"\" width=\"108\" border=\"0\" \/><\/span><\/center><\/td>\n<\/tr>\n<tr align=\"center\" valign=\"middle\">\n<td width=\"422\"><span style=\"font-size: 15px;\"><span style=\"font-family: 'Cantora One', sans-serif;\"><b>\u201eSiostra Marta Wiecka &#8211; cuda i \u0142aski&#8221;<br \/>\n<i>oprac. s. Adolfina Dzier\u017cak SM<\/i><br \/>\nKrak\u00f3w 2008<\/b><\/span><br \/>\nKsi\u0105\u017cka zawiera liczne \u015bwiadectwa o \u0142askach i cudach, kt\u00f3re dokona\u0142y si\u0119 po \u015bmierci s. Marty Wieckiej, tj. od 30 maja 1904 r. Nie s\u0105 to wszystkie \u0142aski, ale ich opisy wybrane z licznych zezna\u0144, z\u0142o\u017conych przez ludzi r\u00f3\u017cnych stan\u00f3w, zawod\u00f3w i kultur.<\/span><\/td>\n<td width=\"300\"><center><span style=\"font-family: 'Cantora One', sans-serif;\"><img loading=\"lazy\" decoding=\"async\" src=\"https:\/\/martawiecka.pl\/materialy\/publikacje\/Cuda_thumbnail.png\" alt=\"\" width=\"108\" height=\"149\" border=\"0\" \/><\/span><\/center><\/td>\n<\/tr>\n<tr align=\"center\" valign=\"middle\">\n<td width=\"422\"><span style=\"font-family: 'Cantora One', sans-serif; font-size: 15px;\"><b>\u201eB\u0142ogos\u0142awiona Marta Wiecka&#8221;. Seria: Tw\u00f3j Patron.<br \/>\n<i>s. Adolfina Dzier\u017cak SM<\/i><br \/>\nWITKM Krak\u00f3w 2008<\/b><\/span><\/td>\n<td width=\"300\"><center><span style=\"font-family: 'Cantora One', sans-serif;\"><img loading=\"lazy\" decoding=\"async\" src=\"https:\/\/martawiecka.pl\/materialy\/publikacje\/Twoj_Patron_thumbnail.png\" alt=\"\" width=\"110\" height=\"149\" border=\"0\" \/><\/span><\/center><\/td>\n<\/tr>\n<tr align=\"center\" valign=\"middle\">\n<td width=\"422\"><span style=\"font-size: 15px;\"><span style=\"font-family: 'Cantora One', sans-serif;\"><b>\u201eSiostra Marta&#8221; Spektakl. P\u0142yta DVD<\/b><\/span><span style=\"font-family: 'Cantora One', sans-serif;\">Agencja filmowa &#8222;Opera&#8221;, Bochnia 2008<br \/>\n<\/span><span style=\"font-family: 'Cantora One', sans-serif;\"><br \/>\nNa p\u0142ycie zarejestrowane zosta\u0142o widowisko ukazuj\u0105ce \u017cycie Siostry Marty Wieckiej. Przedstawienie odby\u0142o si\u0119 w Oratorium \u015bw. Kingi w Bochni 24 lutego 2008 r., a w poszczeg\u00f3lne role wcieli\u0142y si\u0119 seminarzystki i postulantki si\u00f3str mi\u0142osierdzia.<\/span><\/span><\/td>\n<td width=\"300\"><center><img loading=\"lazy\" decoding=\"async\" src=\"https:\/\/martawiecka.pl\/materialy\/publikacje\/Spektakl_thumbnail.png\" alt=\"\" width=\"109\" height=\"150\" border=\"0\" \/><\/center><\/td>\n<\/tr>\n<tr align=\"center\" valign=\"middle\">\n<td width=\"422\"><b><br \/>\n<span style=\"font-family: 'Cantora One', sans-serif; font-size: 15px;\">\u201eZnak jedno\u015bci. Osoba i \u017cycie b\u0142. Marty Wieckiej (1874-1904)&#8221;<\/span><br \/>\n<span style=\"font-family: 'Cantora One', sans-serif; font-size: 15px;\"> <i>s. J\u00f3zefa W\u0105troba SM<\/i><\/span><br \/>\n<span style=\"font-family: 'Cantora One', sans-serif; font-size: 15px;\"> Krak\u00f3w 2008<\/span><\/b><span style=\"font-family: 'Cantora One', sans-serif;\"><br \/>\n<span style=\"font-size: 15px;\"> ZNAK JEDNO\u015aCI jest pierwsz\u0105 obszern\u0105 biografi\u0105 B\u0142. S. Marty Wieckiej opart\u0105 na \u017ar\u00f3d\u0142owych materia\u0142ach zebranych na potrzeby procesu kanonizacyjnego. Ok\u0142adka przedstawiaj\u0105ca B\u0142ogos\u0142awion\u0105 na tle chrze\u015bcija\u0144skich \u015bwi\u0105ty\u0144 r\u00f3\u017cnych wy\u00adzna\u0144 oraz synagogi, symbolizuje jej ofiarn\u0105 s\u0142u\u017cb\u0119 ludziom niezale\u017cnie od ich przekona\u0144, wyznania i religii. Jej postawa wzbudza\u0142a szacunek, wdzi\u0119czno\u015b\u0107, pomaga\u0142a wielu pozna\u0107 Boga i dokona\u0107 przemiany swego \u017cycia.Ukazuj\u0105c jej kr\u00f3tkie, ale pe\u0142ne dobrych wybor\u00f3w \u017cycie, pragniemy zach\u0119ci\u0107 do na\u015bladowania B\u0142ogos\u0142a\u00adwionej w drodze do Ojczyzny Niebieskiej. I nam potrzeba jedno\u015bci oraz zach\u0119ty do podobnej ofiarno\u015bci, zaufania Bogu w codziennych sprawach<\/span>.<\/span><\/td>\n<td width=\"300\"><center><img loading=\"lazy\" decoding=\"async\" src=\"https:\/\/martawiecka.pl\/materialy\/publikacje\/Znak_jednosci_thumbnail.png\" alt=\"\" width=\"115\" height=\"160\" border=\"0\" \/><\/center><\/td>\n<\/tr>\n<tr align=\"center\" valign=\"middle\">\n<td width=\"422\"><span style=\"font-size: 15px;\"><span style=\"font-family: 'Cantora One', sans-serif;\"><b>Mistyka s\u0142u\u017cby &#8211; Sympozjum o S\u0142. B. Marcie Wieckiej Siostrze Mi\u0142osierdzia (Warszawa, 25 kwietnia 2007 r.)<br \/>\n<i>oprac.s. J\u00f3zefa W\u0105troba SM<\/i><br \/>\nKrak\u00f3w 2008<\/b><\/span><a title=\"Mistyka prze\u017cyciowa s. Marty Wieckiej\" href=\"https:\/\/91.194.228.101\/martawiecka\/?page_id=730\" target=\"_blank\"><span style=\"font-family: 'Cantora One', sans-serif;\"><br \/>\nTekst wyk\u0142adu ks. prof. dr hab. Stanis\u0142awa Urba\u0144skiego<br \/>\npt. &#8222;Mistyka prze\u017cyciowa siostry Marty Wieckiej&#8221;<\/span><\/a><\/span><\/td>\n<td align=\"center\" width=\"300\"><center><a href=\"https:\/\/martawiecka.pl\/materialy\/publikacje\/Mistyka1.gif\" rel=\"lightbox[1103]\"><img loading=\"lazy\" decoding=\"async\" src=\"https:\/\/martawiecka.pl\/materialy\/publikacje\/Mistyka1_thumbnail.png\" alt=\"\" width=\"115\" height=\"162\" border=\"0\" \/><\/a><\/center><\/td>\n<\/tr>\n<tr>\n<td width=\"422\"><span style=\"font-family: 'Cantora One', sans-serif;\"><b><\/b><span style=\"font-size: 15px;\"><b>Listy i modlitwy B\u0142. Marty Wieckiej SM<br \/>\n<i>oprac.ks. W\u0142adys\u0142aw Bomba CM, s. Adolfina Dzier\u017cak SM, ks. Stanis\u0142aw Rospond CM, s. J\u00f3zefa W\u0105troba SM<\/i><\/b><\/span><\/span><span style=\"font-family: 'Cantora One', sans-serif; font-size: 15px;\">Krak\u00f3w 2008<\/span><\/td>\n<td width=\"300\"><center><a href=\"https:\/\/martawiecka.pl\/materialy\/publikacje\/Listyimodlitwy.gif\" rel=\"lightbox[1103]\"><img loading=\"lazy\" decoding=\"async\" src=\"https:\/\/martawiecka.pl\/materialy\/publikacje\/Listyimodlitwy_thumbnail.png\" alt=\"\" width=\"115\" height=\"158\" border=\"0\" \/><\/a><\/center><\/td>\n<\/tr>\n<tr align=\"center\" valign=\"middle\">\n<td width=\"422\"><span style=\"font-family: 'Cantora One', sans-serif; font-size: 15px;\"><b>\u201eSiostra Marta&#8221;<br \/>\n<i>s. Ma\u0142gorzata Borkowska OSB<\/i><br \/>\nZgromadzenie Si\u00f3str Mi\u0142osierdzia, Krak\u00f3w 2002<br \/>\nKrak\u00f3w 2007<\/b><\/span><\/td>\n<td width=\"300\"><center><img loading=\"lazy\" decoding=\"async\" src=\"https:\/\/martawiecka.pl\/materialy\/publikacje\/Siostra_Marta_thumbnail.png\" alt=\"\" width=\"115\" height=\"156\" border=\"0\" \/><\/center><\/td>\n<\/tr>\n<tr align=\"center\" valign=\"middle\">\n<td width=\"422\"><span style=\"font-family: 'Cantora One', sans-serif; font-size: 15px;\"><b>\u201eOdda\u0107 \u017cycie&#8230;\u00a0Marta Maria Wiecka, Siostra Mi\u0142osierdzia&#8221;<br \/>\n<i>s. Anna Brz\u0119k<\/i><br \/>\nZgromadzenie Si\u00f3str Mi\u0142osierdzia, Krak\u00f3w 2000<br \/>\nKrak\u00f3w 2007<\/b><\/span><\/td>\n<td width=\"300\"><center><img loading=\"lazy\" decoding=\"async\" src=\"https:\/\/martawiecka.pl\/materialy\/publikacje\/Oddac_zycie_thumbnail.png\" alt=\"\" width=\"115\" height=\"160\" border=\"0\" \/><\/center><\/td>\n<\/tr>\n<\/tbody>\n<\/table>\n","protected":false},"excerpt":{"rendered":"<p>\u201eNowy Wiec &#8211; miejsce urodzenia b\u0142ogos\u0142awionej Siostry Marty Wieckiej&#8221; Wies\u0142aw Brzoskowski Skarszewy 2010\u00a0 Ksi\u0105\u017cka o historii Nowego Wieca &#8211; rodzinnej miejscowo\u015bci siostry Wieckiej. Publikacja ukaza\u0142a si\u0119 w drug\u0105 rocznic\u0119 beatyfikacji s. Marty. Inicjatorem wydania jest Ko\u0142o Gospody\u0144 Wiejskich w Nowym Wiecu, wydawc\u0105 &#8211; Introligatornia Mirex. &#8222;Sala pami\u0105tek im. b\u0142. Siostry Marty Wieckiej&#8221; red. s. J\u00f3zefa [&hellip;]<\/p>\n","protected":false},"author":1,"featured_media":0,"parent":0,"menu_order":0,"comment_status":"closed","ping_status":"closed","template":"","meta":{"footnotes":""},"class_list":["post-1103","page","type-page","status-publish","hentry"],"_links":{"self":[{"href":"https:\/\/martawiecka.pl\/index.php?rest_route=\/wp\/v2\/pages\/1103","targetHints":{"allow":["GET"]}}],"collection":[{"href":"https:\/\/martawiecka.pl\/index.php?rest_route=\/wp\/v2\/pages"}],"about":[{"href":"https:\/\/martawiecka.pl\/index.php?rest_route=\/wp\/v2\/types\/page"}],"author":[{"embeddable":true,"href":"https:\/\/martawiecka.pl\/index.php?rest_route=\/wp\/v2\/users\/1"}],"replies":[{"embeddable":true,"href":"https:\/\/martawiecka.pl\/index.php?rest_route=%2Fwp%2Fv2%2Fcomments&post=1103"}],"version-history":[{"count":39,"href":"https:\/\/martawiecka.pl\/index.php?rest_route=\/wp\/v2\/pages\/1103\/revisions"}],"predecessor-version":[{"id":1413,"href":"https:\/\/martawiecka.pl\/index.php?rest_route=\/wp\/v2\/pages\/1103\/revisions\/1413"}],"wp:attachment":[{"href":"https:\/\/martawiecka.pl\/index.php?rest_route=%2Fwp%2Fv2%2Fmedia&parent=1103"}],"curies":[{"name":"wp","href":"https:\/\/api.w.org\/{rel}","templated":true}]}}